{"id":3019,"date":"2024-04-02T22:02:49","date_gmt":"2024-04-02T20:02:49","guid":{"rendered":"https:\/\/cavesecrete.de\/politique-des-cookies\/"},"modified":"2025-01-18T16:42:32","modified_gmt":"2025-01-18T15:42:32","slug":"politique-des-cookies","status":"publish","type":"page","link":"https:\/\/cavesecrete.de\/fr\/politique-des-cookies\/","title":{"rendered":"Politique des cookies"},"content":{"rendered":"<p>[et_pb_section fb_built=\u00a0\u00bb1&Prime; _builder_version=\u00a0\u00bb4.24.2&Prime; _module_preset=\u00a0\u00bbdefault\u00a0\u00bb global_colors_info=\u00a0\u00bb{}\u00a0\u00bb][et_pb_row _builder_version=\u00a0\u00bb4.24.2&Prime; _module_preset=\u00a0\u00bbdefault\u00a0\u00bb hover_enabled=\u00a0\u00bb0&Prime; global_colors_info=\u00a0\u00bb{}\u00a0\u00bb sticky_enabled=\u00a0\u00bb0&Prime;][et_pb_column type=\u00a0\u00bb4_4&Prime; _builder_version=\u00a0\u00bb4.24.2&Prime; _module_preset=\u00a0\u00bbdefault\u00a0\u00bb global_colors_info=\u00a0\u00bb{}\u00a0\u00bb][et_pb_text _builder_version=\u00a0\u00bb4.24.2&Prime; _module_preset=\u00a0\u00bbdefault\u00a0\u00bb global_colors_info=\u00a0\u00bb{}\u00a0\u00bb]<\/p>\n<h1>Politique des cookies<\/h1>\n<p>[\/et_pb_text][et_pb_code _builder_version=\u00a0\u00bb4.24.2&Prime; _module_preset=\u00a0\u00bbdefault\u00a0\u00bb global_colors_info=\u00a0\u00bb{}\u00a0\u00bb]<\/p>\n<style><!-- [et_pb_line_break_holder] -->    a.cky-banner-element {<!-- [et_pb_line_break_holder] -->        padding: 8px 30px;<!-- [et_pb_line_break_holder] -->        background: #F8F9FA;<!-- [et_pb_line_break_holder] -->        color: #858A8F;<!-- [et_pb_line_break_holder] -->        border: 1px solid #DEE2E6;<!-- [et_pb_line_break_holder] -->        box-sizing: border-box;<!-- [et_pb_line_break_holder] -->        border-radius: 2px;<!-- [et_pb_line_break_holder] -->        cursor: pointer;<!-- [et_pb_line_break_holder] -->}<!-- [et_pb_line_break_holder] --><\/style>\n<p>[\/et_pb_code][et_pb_text _builder_version=\u00a0\u00bb4.27.4&Prime; _module_preset=\u00a0\u00bbdefault\u00a0\u00bb hover_enabled=\u00a0\u00bb0&Prime; global_colors_info=\u00a0\u00bb{}\u00a0\u00bb sticky_enabled=\u00a0\u00bb0&Prime;]<\/p>\n<p>Valide \u00e0 partir du : 31 mars 2024<br \/>Derni\u00e8re mise \u00e0 jour : 02 avril 2024<\/p>\n<p>[\/et_pb_text][et_pb_text _builder_version=\u00a0\u00bb4.24.2&Prime; _module_preset=\u00a0\u00bbdefault\u00a0\u00bb global_colors_info=\u00a0\u00bb{}\u00a0\u00bb]<\/p>\n<h3>Que sont les cookies ?<\/h3>\n<p>[\/et_pb_text][et_pb_text _builder_version=\u00a0\u00bb4.24.2&Prime; _module_preset=\u00a0\u00bbdefault\u00a0\u00bb global_colors_info=\u00a0\u00bb{}\u00a0\u00bb]<\/p>\n<p>La pr\u00e9sente politique des cookies explique ce que sont les cookies et comment nous les utilisons, les types de cookies que nous utilisons, c&rsquo;est-\u00e0-dire les informations que nous recueillons \u00e0 l&rsquo;aide des cookies et la mani\u00e8re dont ces informations sont utilis\u00e9es, ainsi que la mani\u00e8re de g\u00e9rer les param\u00e8tres des cookies.<\/p>\n<p>Les cookies sont de petits fichiers texte utilis\u00e9s pour stocker de petits \u00e9l\u00e9ments d&rsquo;information. Ils sont stock\u00e9s sur votre appareil lorsque le site web est charg\u00e9 sur votre navigateur. Ces cookies nous aident \u00e0 faire fonctionner le site web correctement, \u00e0 le rendre plus s\u00fbr, \u00e0 offrir une meilleure exp\u00e9rience \u00e0 l&rsquo;utilisateur, \u00e0 comprendre comment le site web fonctionne et \u00e0 analyser ce qui fonctionne et ce qui doit \u00eatre am\u00e9lior\u00e9.  <\/p>\n<p>[\/et_pb_text][et_pb_text _builder_version=\u00a0\u00bb4.24.2&Prime; _module_preset=\u00a0\u00bbdefault\u00a0\u00bb global_colors_info=\u00a0\u00bb{}\u00a0\u00bb]<\/p>\n<h3>Comment utilisons-nous les cookies ?<\/h3>\n<p>[\/et_pb_text][et_pb_text _builder_version=\u00a0\u00bb4.24.2&Prime; _module_preset=\u00a0\u00bbdefault\u00a0\u00bb global_colors_info=\u00a0\u00bb{}\u00a0\u00bb]<\/p>\n<p>Comme la plupart des services en ligne, notre site web utilise des cookies de premi\u00e8re partie et de tierce partie \u00e0 plusieurs fins. Les cookies de premi\u00e8re partie sont essentiellement n\u00e9cessaires au bon fonctionnement du site web et ne collectent aucune donn\u00e9e personnelle identifiable. <\/p>\n<p>Les cookies tiers utilis\u00e9s sur notre site web servent principalement \u00e0 comprendre comment le site web fonctionne, comment vous interagissez avec notre site web, \u00e0 assurer la s\u00e9curit\u00e9 de nos services, \u00e0 fournir des publicit\u00e9s pertinentes pour vous et, dans l&rsquo;ensemble, \u00e0 vous offrir une exp\u00e9rience utilisateur meilleure et am\u00e9lior\u00e9e et \u00e0 acc\u00e9l\u00e9rer vos interactions futures avec notre site web.<\/p>\n<p>[\/et_pb_text][et_pb_text _builder_version=\u00a0\u00bb4.24.2&Prime; _module_preset=\u00a0\u00bbdefault\u00a0\u00bb global_colors_info=\u00a0\u00bb{}\u00a0\u00bb]<\/p>\n<h3>G\u00e9rer les pr\u00e9f\u00e9rences des cookies<\/h3>\n<p>[\/et_pb_text][et_pb_code _builder_version=\u00a0\u00bb4.24.2&Prime; _module_preset=\u00a0\u00bbdefault\u00a0\u00bb global_colors_info=\u00a0\u00bb{}\u00a0\u00bb]    <\/p>\n<div class=\"cky-audit-table-element\"><\/div>\n<p><!-- [et_pb_line_break_holder] -->[\/et_pb_code][et_pb_text admin_label=\u00a0\u00bbText\u00a0\u00bb _builder_version=\u00a0\u00bb4.24.2&Prime; _module_preset=\u00a0\u00bbdefault\u00a0\u00bb global_colors_info=\u00a0\u00bb{}\u00a0\u00bb]<\/p>\n<h3>Types de cookies que nous utilisons<\/h3>\n<p>[\/et_pb_text][et_pb_code _builder_version=\u00a0\u00bb4.24.2&Prime; _module_preset=\u00a0\u00bbdefault\u00a0\u00bb global_colors_info=\u00a0\u00bb{}\u00a0\u00bb]<a class=\"cky-banner-element\">Param\u00e8tres des cookies<\/a>[\/et_pb_code][et_pb_text _builder_version=\u00a0\u00bb4.24.2&Prime; _module_preset=\u00a0\u00bbdefault\u00a0\u00bb global_colors_info=\u00a0\u00bb{}\u00a0\u00bb]<\/p>\n<p>Vous pouvez modifier vos pr\u00e9f\u00e9rences en mati\u00e8re de cookies \u00e0 tout moment en cliquant sur le bouton ci-dessus. Cela vous permettra de revenir \u00e0 la banni\u00e8re de consentement aux cookies et de modifier vos pr\u00e9f\u00e9rences ou de retirer votre consentement imm\u00e9diatement. <\/p>\n<p>En outre, les navigateurs proposent des m\u00e9thodes diff\u00e9rentes pour bloquer et supprimer les cookies utilis\u00e9s par les sites web. Vous pouvez modifier les param\u00e8tres de votre navigateur pour bloquer\/supprimer les cookies. Vous trouverez ci-dessous les liens vers les documents d&rsquo;assistance relatifs \u00e0 la gestion et \u00e0 la suppression des cookies des principaux navigateurs web.  <\/p>\n<p>Chrome: <a href=\"https:\/\/support.google.com\/accounts\/answer\/32050\">https:\/\/support.google.com\/accounts\/answer\/32050<\/a><\/p>\n<p>Safari: <a href=\"https:\/\/support.apple.com\/fr-fr\/guide\/safari\/sfri11471\/mac\">https:\/\/support.apple.com\/fr-fr\/guide\/safari\/sfri11471\/mac<\/a><\/p>\n<p>Firefox: <a href=\"https:\/\/support.mozilla.org\/fr\/kb\/effacer-cookies-donnees-site-firefox?redirectslug=delete-cookies-remove-info-websites-stored\">https:\/\/support.mozilla.org\/fr\/kb\/effacer-cookies-donnees-site-firefox?redirectslug=delete-cookies-remove-info-websites-stored<\/a><\/p>\n<p>Si vous utilisez un autre navigateur web, veuillez consulter les documents d&rsquo;assistance officiels de votre navigateur.<\/p>\n<p>[\/et_pb_text][et_pb_text _builder_version=\u00a0\u00bb4.24.2&Prime; _module_preset=\u00a0\u00bbdefault\u00a0\u00bb global_colors_info=\u00a0\u00bb{}\u00a0\u00bb]<\/p>\n<p><span>Politique de cookies g\u00e9n\u00e9r\u00e9e par CookieYes <\/span><a target=\"_blank\" href=\"https:\/\/www.cookieyes.com\/?utm_source=CP&amp;utm_medium=footer&amp;utm_campaign=UW\" rel=\"noopener\">CookieYes &#8211; Cookie Policy Generator<\/a><span>.<\/span><\/p>\n<p>[\/et_pb_text][\/et_pb_column][\/et_pb_row][\/et_pb_section]<\/p>\n","protected":false},"excerpt":{"rendered":"<p>Politique des cookiesValide \u00e0 partir du : 31 mars 2024Derni\u00e8re mise \u00e0 jour : 02 avril 2024Que sont les cookies ?La pr\u00e9sente politique des cookies explique ce que sont les cookies et comment nous les utilisons, les types de cookies que nous utilisons, c&rsquo;est-\u00e0-dire les informations que nous recueillons \u00e0 l&rsquo;aide des cookies et la [&hellip;]<\/p>\n","protected":false},"author":1,"featured_media":0,"parent":0,"menu_order":0,"comment_status":"closed","ping_status":"closed","template":"","meta":{"_et_pb_use_builder":"on","_et_pb_old_content":"","_et_gb_content_width":"","footnotes":""},"class_list":["post-3019","page","type-page","status-publish","hentry"],"yoast_head":"<!-- This site is optimized with the Yoast SEO Premium plugin v27.3 (Yoast SEO v27.3) - https:\/\/yoast.com\/product\/yoast-seo-premium-wordpress\/ -->\n<title>Politique des cookies | Cave Secr\u00e8te - Erlesene Weine &amp; Champagner<\/title>\n<meta name=\"robots\" content=\"index, follow, max-snippet:-1, max-image-preview:large, max-video-preview:-1\" \/>\n<link rel=\"canonical\" href=\"https:\/\/cavesecrete.de\/fr\/politique-des-cookies\/\" \/>\n<meta property=\"og:locale\" content=\"fr_FR\" \/>\n<meta property=\"og:type\" content=\"article\" \/>\n<meta property=\"og:title\" content=\"Politique des cookies\" \/>\n<meta property=\"og:description\" content=\"Politique des cookiesValide \u00e0 partir du : 31 mars 2024Derni\u00e8re mise \u00e0 jour : 02 avril 2024Que sont les cookies ?La pr\u00e9sente politique des cookies explique ce que sont les cookies et comment nous les utilisons, les types de cookies que nous utilisons, c&#039;est-\u00e0-dire les informations que nous recueillons \u00e0 l&#039;aide des cookies et la [&hellip;]\" \/>\n<meta property=\"og:url\" content=\"https:\/\/cavesecrete.de\/fr\/politique-des-cookies\/\" \/>\n<meta property=\"og:site_name\" content=\"Cave Secr\u00e8te - Erlesene Weine &amp; Champagner\" \/>\n<meta property=\"article:publisher\" content=\"https:\/\/www.facebook.com\/cavesecrete\/\" \/>\n<meta property=\"article:modified_time\" content=\"2025-01-18T15:42:32+00:00\" \/>\n<meta property=\"og:image\" content=\"https:\/\/cavesecrete.de\/wp-content\/uploads\/2021\/04\/CS-logo-3a-512.png\" \/>\n\t<meta property=\"og:image:width\" content=\"512\" \/>\n\t<meta property=\"og:image:height\" content=\"512\" \/>\n\t<meta property=\"og:image:type\" content=\"image\/png\" \/>\n<meta name=\"twitter:card\" content=\"summary_large_image\" \/>\n<meta name=\"twitter:label1\" content=\"Dur\u00e9e de lecture estim\u00e9e\" \/>\n\t<meta name=\"twitter:data1\" content=\"3 minutes\" \/>\n<script type=\"application\/ld+json\" class=\"yoast-schema-graph\">{\"@context\":\"https:\\\/\\\/schema.org\",\"@graph\":[{\"@type\":\"WebPage\",\"@id\":\"https:\\\/\\\/cavesecrete.de\\\/fr\\\/politique-des-cookies\\\/\",\"url\":\"https:\\\/\\\/cavesecrete.de\\\/fr\\\/politique-des-cookies\\\/\",\"name\":\"Politique des cookies | Cave Secr\u00e8te - Erlesene Weine &amp; Champagner\",\"isPartOf\":{\"@id\":\"https:\\\/\\\/cavesecrete.de\\\/fr\\\/#website\"},\"datePublished\":\"2024-04-02T20:02:49+00:00\",\"dateModified\":\"2025-01-18T15:42:32+00:00\",\"breadcrumb\":{\"@id\":\"https:\\\/\\\/cavesecrete.de\\\/fr\\\/politique-des-cookies\\\/#breadcrumb\"},\"inLanguage\":\"fr-FR\",\"potentialAction\":[{\"@type\":\"ReadAction\",\"target\":[\"https:\\\/\\\/cavesecrete.de\\\/fr\\\/politique-des-cookies\\\/\"]}]},{\"@type\":\"BreadcrumbList\",\"@id\":\"https:\\\/\\\/cavesecrete.de\\\/fr\\\/politique-des-cookies\\\/#breadcrumb\",\"itemListElement\":[{\"@type\":\"ListItem\",\"position\":1,\"name\":\"Home\",\"item\":\"https:\\\/\\\/cavesecrete.de\\\/fr\\\/accueil\\\/\"},{\"@type\":\"ListItem\",\"position\":2,\"name\":\"Politique des cookies\"}]},{\"@type\":\"WebSite\",\"@id\":\"https:\\\/\\\/cavesecrete.de\\\/fr\\\/#website\",\"url\":\"https:\\\/\\\/cavesecrete.de\\\/fr\\\/\",\"name\":\"Cave Secr\u00e8te - Erlesene Weine & Champagner\",\"description\":\"Weine, Champagner &amp; Tee\",\"publisher\":{\"@id\":\"https:\\\/\\\/cavesecrete.de\\\/fr\\\/#organization\"},\"potentialAction\":[{\"@type\":\"SearchAction\",\"target\":{\"@type\":\"EntryPoint\",\"urlTemplate\":\"https:\\\/\\\/cavesecrete.de\\\/fr\\\/?s={search_term_string}\"},\"query-input\":{\"@type\":\"PropertyValueSpecification\",\"valueRequired\":true,\"valueName\":\"search_term_string\"}}],\"inLanguage\":\"fr-FR\"},{\"@type\":[\"Organization\",\"Place\",\"Store\"],\"@id\":\"https:\\\/\\\/cavesecrete.de\\\/fr\\\/#organization\",\"name\":\"Cave Secr\u00e8te - Erlesene Weine & Champagner\",\"alternateName\":\"Cave Secr\u00e8te\",\"url\":\"https:\\\/\\\/cavesecrete.de\\\/fr\\\/\",\"logo\":{\"@id\":\"https:\\\/\\\/cavesecrete.de\\\/fr\\\/politique-des-cookies\\\/#local-main-organization-logo\"},\"image\":{\"@id\":\"https:\\\/\\\/cavesecrete.de\\\/fr\\\/politique-des-cookies\\\/#local-main-organization-logo\"},\"sameAs\":[\"https:\\\/\\\/www.facebook.com\\\/cavesecrete\\\/\",\"https:\\\/\\\/www.instagram.com\\\/cavesecrete\\\/\"],\"foundingDate\":\"2016-12-16\",\"numberOfEmployees\":{\"@type\":\"QuantitativeValue\",\"minValue\":\"1\",\"maxValue\":\"10\"},\"address\":{\"@id\":\"https:\\\/\\\/cavesecrete.de\\\/fr\\\/politique-des-cookies\\\/#local-main-place-address\"},\"geo\":{\"@type\":\"GeoCoordinates\",\"latitude\":\"49.46070847487664\",\"longitude\":\"11.072301820447747\"},\"telephone\":[\"\u202d+49 911 3944 0780\u202c\"],\"openingHoursSpecification\":[{\"@type\":\"OpeningHoursSpecification\",\"dayOfWeek\":[\"Monday\",\"Sunday\"],\"opens\":\"00:00\",\"closes\":\"00:00\"},{\"@type\":\"OpeningHoursSpecification\",\"dayOfWeek\":[\"Tuesday\",\"Wednesday\",\"Thursday\",\"Friday\"],\"opens\":\"14:30\",\"closes\":\"19:00\"},{\"@type\":\"OpeningHoursSpecification\",\"dayOfWeek\":[\"Saturday\"],\"opens\":\"09:30\",\"closes\":\"17:00\"}],\"email\":\"info@cavesecrete.de\",\"currenciesAccepted\":\"EUR\",\"paymentAccepted\":\"CASH, EC, VISA, MASTERCARD, AMEX\"},{\"@type\":\"PostalAddress\",\"@id\":\"https:\\\/\\\/cavesecrete.de\\\/fr\\\/politique-des-cookies\\\/#local-main-place-address\",\"streetAddress\":\"Bucher Str. 33\",\"addressLocality\":\"N\u00fcrnberg\",\"postalCode\":\"90419\",\"addressCountry\":\"DE\"},{\"@type\":\"ImageObject\",\"inLanguage\":\"fr-FR\",\"@id\":\"https:\\\/\\\/cavesecrete.de\\\/fr\\\/politique-des-cookies\\\/#local-main-organization-logo\",\"url\":\"https:\\\/\\\/cavesecrete.de\\\/wp-content\\\/uploads\\\/2021\\\/04\\\/CS-logo-3a-512.png\",\"contentUrl\":\"https:\\\/\\\/cavesecrete.de\\\/wp-content\\\/uploads\\\/2021\\\/04\\\/CS-logo-3a-512.png\",\"width\":512,\"height\":512,\"caption\":\"Cave Secr\u00e8te - Erlesene Weine & Champagner\"}]}<\/script>\n<meta name=\"geo.placename\" content=\"N\u00fcrnberg\" \/>\n<meta name=\"geo.position\" content=\"49.46070847487664;11.072301820447747\" \/>\n<meta name=\"geo.region\" content=\"Allemagne\" \/>\n<!-- \/ Yoast SEO Premium plugin. -->","yoast_head_json":{"title":"Politique des cookies | Cave Secr\u00e8te - Erlesene Weine &amp; Champagner","robots":{"index":"index","follow":"follow","max-snippet":"max-snippet:-1","max-image-preview":"max-image-preview:large","max-video-preview":"max-video-preview:-1"},"canonical":"https:\/\/cavesecrete.de\/fr\/politique-des-cookies\/","og_locale":"fr_FR","og_type":"article","og_title":"Politique des cookies","og_description":"Politique des cookiesValide \u00e0 partir du : 31 mars 2024Derni\u00e8re mise \u00e0 jour : 02 avril 2024Que sont les cookies ?La pr\u00e9sente politique des cookies explique ce que sont les cookies et comment nous les utilisons, les types de cookies que nous utilisons, c'est-\u00e0-dire les informations que nous recueillons \u00e0 l'aide des cookies et la [&hellip;]","og_url":"https:\/\/cavesecrete.de\/fr\/politique-des-cookies\/","og_site_name":"Cave Secr\u00e8te - Erlesene Weine &amp; Champagner","article_publisher":"https:\/\/www.facebook.com\/cavesecrete\/","article_modified_time":"2025-01-18T15:42:32+00:00","og_image":[{"width":512,"height":512,"url":"https:\/\/cavesecrete.de\/wp-content\/uploads\/2021\/04\/CS-logo-3a-512.png","type":"image\/png"}],"twitter_card":"summary_large_image","twitter_misc":{"Dur\u00e9e de lecture estim\u00e9e":"3 minutes"},"schema":{"@context":"https:\/\/schema.org","@graph":[{"@type":"WebPage","@id":"https:\/\/cavesecrete.de\/fr\/politique-des-cookies\/","url":"https:\/\/cavesecrete.de\/fr\/politique-des-cookies\/","name":"Politique des cookies | Cave Secr\u00e8te - Erlesene Weine &amp; Champagner","isPartOf":{"@id":"https:\/\/cavesecrete.de\/fr\/#website"},"datePublished":"2024-04-02T20:02:49+00:00","dateModified":"2025-01-18T15:42:32+00:00","breadcrumb":{"@id":"https:\/\/cavesecrete.de\/fr\/politique-des-cookies\/#breadcrumb"},"inLanguage":"fr-FR","potentialAction":[{"@type":"ReadAction","target":["https:\/\/cavesecrete.de\/fr\/politique-des-cookies\/"]}]},{"@type":"BreadcrumbList","@id":"https:\/\/cavesecrete.de\/fr\/politique-des-cookies\/#breadcrumb","itemListElement":[{"@type":"ListItem","position":1,"name":"Home","item":"https:\/\/cavesecrete.de\/fr\/accueil\/"},{"@type":"ListItem","position":2,"name":"Politique des cookies"}]},{"@type":"WebSite","@id":"https:\/\/cavesecrete.de\/fr\/#website","url":"https:\/\/cavesecrete.de\/fr\/","name":"Cave Secr\u00e8te - Erlesene Weine & Champagner","description":"Weine, Champagner &amp; Tee","publisher":{"@id":"https:\/\/cavesecrete.de\/fr\/#organization"},"potentialAction":[{"@type":"SearchAction","target":{"@type":"EntryPoint","urlTemplate":"https:\/\/cavesecrete.de\/fr\/?s={search_term_string}"},"query-input":{"@type":"PropertyValueSpecification","valueRequired":true,"valueName":"search_term_string"}}],"inLanguage":"fr-FR"},{"@type":["Organization","Place","Store"],"@id":"https:\/\/cavesecrete.de\/fr\/#organization","name":"Cave Secr\u00e8te - Erlesene Weine & Champagner","alternateName":"Cave Secr\u00e8te","url":"https:\/\/cavesecrete.de\/fr\/","logo":{"@id":"https:\/\/cavesecrete.de\/fr\/politique-des-cookies\/#local-main-organization-logo"},"image":{"@id":"https:\/\/cavesecrete.de\/fr\/politique-des-cookies\/#local-main-organization-logo"},"sameAs":["https:\/\/www.facebook.com\/cavesecrete\/","https:\/\/www.instagram.com\/cavesecrete\/"],"foundingDate":"2016-12-16","numberOfEmployees":{"@type":"QuantitativeValue","minValue":"1","maxValue":"10"},"address":{"@id":"https:\/\/cavesecrete.de\/fr\/politique-des-cookies\/#local-main-place-address"},"geo":{"@type":"GeoCoordinates","latitude":"49.46070847487664","longitude":"11.072301820447747"},"telephone":["\u202d+49 911 3944 0780\u202c"],"openingHoursSpecification":[{"@type":"OpeningHoursSpecification","dayOfWeek":["Monday","Sunday"],"opens":"00:00","closes":"00:00"},{"@type":"OpeningHoursSpecification","dayOfWeek":["Tuesday","Wednesday","Thursday","Friday"],"opens":"14:30","closes":"19:00"},{"@type":"OpeningHoursSpecification","dayOfWeek":["Saturday"],"opens":"09:30","closes":"17:00"}],"email":"info@cavesecrete.de","currenciesAccepted":"EUR","paymentAccepted":"CASH, EC, VISA, MASTERCARD, AMEX"},{"@type":"PostalAddress","@id":"https:\/\/cavesecrete.de\/fr\/politique-des-cookies\/#local-main-place-address","streetAddress":"Bucher Str. 33","addressLocality":"N\u00fcrnberg","postalCode":"90419","addressCountry":"DE"},{"@type":"ImageObject","inLanguage":"fr-FR","@id":"https:\/\/cavesecrete.de\/fr\/politique-des-cookies\/#local-main-organization-logo","url":"https:\/\/cavesecrete.de\/wp-content\/uploads\/2021\/04\/CS-logo-3a-512.png","contentUrl":"https:\/\/cavesecrete.de\/wp-content\/uploads\/2021\/04\/CS-logo-3a-512.png","width":512,"height":512,"caption":"Cave Secr\u00e8te - Erlesene Weine & Champagner"}]},"geo.placename":"N\u00fcrnberg","geo.position":{"lat":"49.46070847487664","long":"11.072301820447747"},"geo.region":"Allemagne"},"jetpack_sharing_enabled":true,"_links":{"self":[{"href":"https:\/\/cavesecrete.de\/fr\/wp-json\/wp\/v2\/pages\/3019","targetHints":{"allow":["GET"]}}],"collection":[{"href":"https:\/\/cavesecrete.de\/fr\/wp-json\/wp\/v2\/pages"}],"about":[{"href":"https:\/\/cavesecrete.de\/fr\/wp-json\/wp\/v2\/types\/page"}],"author":[{"embeddable":true,"href":"https:\/\/cavesecrete.de\/fr\/wp-json\/wp\/v2\/users\/1"}],"replies":[{"embeddable":true,"href":"https:\/\/cavesecrete.de\/fr\/wp-json\/wp\/v2\/comments?post=3019"}],"version-history":[{"count":4,"href":"https:\/\/cavesecrete.de\/fr\/wp-json\/wp\/v2\/pages\/3019\/revisions"}],"predecessor-version":[{"id":5081,"href":"https:\/\/cavesecrete.de\/fr\/wp-json\/wp\/v2\/pages\/3019\/revisions\/5081"}],"wp:attachment":[{"href":"https:\/\/cavesecrete.de\/fr\/wp-json\/wp\/v2\/media?parent=3019"}],"curies":[{"name":"wp","href":"https:\/\/api.w.org\/{rel}","templated":true}]}}