{"id":671,"date":"2021-04-26T21:37:29","date_gmt":"2021-04-26T19:37:29","guid":{"rendered":"https:\/\/cavesecrete.de\/notice-legale\/"},"modified":"2021-04-26T21:37:33","modified_gmt":"2021-04-26T19:37:33","slug":"notice-legale","status":"publish","type":"page","link":"https:\/\/cavesecrete.de\/fr\/notice-legale\/","title":{"rendered":"Notice l\u00e9gale"},"content":{"rendered":"<p>[et_pb_section fb_built=\u00a0\u00bb1&Prime; _builder_version=\u00a0\u00bb4.9.3&Prime; _module_preset=\u00a0\u00bbdefault\u00a0\u00bb][et_pb_row _builder_version=\u00a0\u00bb4.9.3&Prime; _module_preset=\u00a0\u00bbdefault\u00a0\u00bb][et_pb_column type=\u00a0\u00bb4_4&Prime; _builder_version=\u00a0\u00bb4.9.3&Prime; _module_preset=\u00a0\u00bbdefault\u00a0\u00bb][et_pb_text _builder_version=\u00a0\u00bb4.9.3&Prime; _module_preset=\u00a0\u00bbdefault\u00a0\u00bb]<\/p>\n<h1>Notice l\u00e9gale<\/h1>\n<p>[\/et_pb_text][et_pb_text _builder_version=\u00a0\u00bb4.9.3&Prime; _module_preset=\u00a0\u00bbdefault\u00a0\u00bb]<\/p>\n<h3>cavesecrete.de<\/h3>\n<p>[\/et_pb_text][et_pb_text _builder_version=\u00a0\u00bb4.9.3&Prime; _module_preset=\u00a0\u00bbdefault\u00a0\u00bb hover_enabled=\u00a0\u00bb0&Prime; sticky_enabled=\u00a0\u00bb0&Prime;]<\/p>\n<h4>Publi\u00e9 par :<\/h4>\n<p>Pisati Weinhandel, Jagdstra\u00dfe 1, 90419 Nuremberg<\/p>\n<h4>Titulaire :<\/h4>\n<p>Luca Pisati<\/p>\n<h4>Adresse:<\/h4>\n<p>Jagdstr. 1<br \/>90419 Nuremberg<br \/>Allemagne<\/p>\n<h4>T\u00e9l\u00e9phone :<\/h4>\n<p>+49 (151) 6994 7176<\/p>\n<h4>E-Mail :<\/h4>\n<p>info (at) cavesecrete.de<\/p>\n<h4>N\u00b0 de TVA :<\/h4>\n<p>DE 308 894 896<\/p>\n<p>[\/et_pb_text][\/et_pb_column][\/et_pb_row][\/et_pb_section]<\/p>\n","protected":false},"excerpt":{"rendered":"<p>Notice l\u00e9galecavesecrete.dePubli\u00e9 par : Pisati Weinhandel, Jagdstra\u00dfe 1, 90419 Nuremberg Titulaire : Luca Pisati Adresse: Jagdstr. 190419 NurembergAllemagne T\u00e9l\u00e9phone : +49 (151) 6994 7176 E-Mail : info (at) cavesecrete.de N\u00b0 de TVA : DE 308 894 896<\/p>\n","protected":false},"author":1,"featured_media":0,"parent":0,"menu_order":0,"comment_status":"closed","ping_status":"closed","template":"","meta":{"_et_pb_use_builder":"on","_et_pb_old_content":"","_et_gb_content_width":"","footnotes":""},"class_list":["post-671","page","type-page","status-publish","hentry"],"yoast_head":"<!-- This site is optimized with the Yoast SEO Premium plugin v27.3 (Yoast SEO v27.3) - https:\/\/yoast.com\/product\/yoast-seo-premium-wordpress\/ -->\n<title>Notice l\u00e9gale | Cave Secr\u00e8te - Erlesene Weine &amp; Champagner<\/title>\n<meta name=\"robots\" content=\"index, follow, max-snippet:-1, max-image-preview:large, max-video-preview:-1\" \/>\n<link rel=\"canonical\" href=\"https:\/\/cavesecrete.de\/fr\/notice-legale\/\" \/>\n<meta property=\"og:locale\" content=\"fr_FR\" \/>\n<meta property=\"og:type\" content=\"article\" \/>\n<meta property=\"og:title\" content=\"Notice l\u00e9gale\" \/>\n<meta property=\"og:description\" content=\"Notice l\u00e9galecavesecrete.dePubli\u00e9 par : Pisati Weinhandel, Jagdstra\u00dfe 1, 90419 Nuremberg Titulaire : Luca Pisati Adresse: Jagdstr. 190419 NurembergAllemagne T\u00e9l\u00e9phone : +49 (151) 6994 7176 E-Mail : info (at) cavesecrete.de N\u00b0 de TVA : DE 308 894 896\" \/>\n<meta property=\"og:url\" content=\"https:\/\/cavesecrete.de\/fr\/notice-legale\/\" \/>\n<meta property=\"og:site_name\" content=\"Cave Secr\u00e8te - Erlesene Weine &amp; Champagner\" \/>\n<meta property=\"article:publisher\" content=\"https:\/\/www.facebook.com\/cavesecrete\/\" \/>\n<meta property=\"article:modified_time\" content=\"2021-04-26T19:37:33+00:00\" \/>\n<meta property=\"og:image\" content=\"https:\/\/cavesecrete.de\/wp-content\/uploads\/2021\/04\/CS-logo-3a-512.png\" \/>\n\t<meta property=\"og:image:width\" content=\"512\" \/>\n\t<meta property=\"og:image:height\" content=\"512\" \/>\n\t<meta property=\"og:image:type\" content=\"image\/png\" \/>\n<meta name=\"twitter:card\" content=\"summary_large_image\" \/>\n<meta name=\"twitter:label1\" content=\"Dur\u00e9e de lecture estim\u00e9e\" \/>\n\t<meta name=\"twitter:data1\" content=\"1 minute\" \/>\n<script type=\"application\/ld+json\" class=\"yoast-schema-graph\">{\"@context\":\"https:\\\/\\\/schema.org\",\"@graph\":[{\"@type\":\"WebPage\",\"@id\":\"https:\\\/\\\/cavesecrete.de\\\/fr\\\/notice-legale\\\/\",\"url\":\"https:\\\/\\\/cavesecrete.de\\\/fr\\\/notice-legale\\\/\",\"name\":\"Notice l\u00e9gale | Cave Secr\u00e8te - Erlesene Weine &amp; Champagner\",\"isPartOf\":{\"@id\":\"https:\\\/\\\/cavesecrete.de\\\/fr\\\/#website\"},\"datePublished\":\"2021-04-26T19:37:29+00:00\",\"dateModified\":\"2021-04-26T19:37:33+00:00\",\"breadcrumb\":{\"@id\":\"https:\\\/\\\/cavesecrete.de\\\/fr\\\/notice-legale\\\/#breadcrumb\"},\"inLanguage\":\"fr-FR\",\"potentialAction\":[{\"@type\":\"ReadAction\",\"target\":[\"https:\\\/\\\/cavesecrete.de\\\/fr\\\/notice-legale\\\/\"]}]},{\"@type\":\"BreadcrumbList\",\"@id\":\"https:\\\/\\\/cavesecrete.de\\\/fr\\\/notice-legale\\\/#breadcrumb\",\"itemListElement\":[{\"@type\":\"ListItem\",\"position\":1,\"name\":\"Home\",\"item\":\"https:\\\/\\\/cavesecrete.de\\\/fr\\\/accueil\\\/\"},{\"@type\":\"ListItem\",\"position\":2,\"name\":\"Notice l\u00e9gale\"}]},{\"@type\":\"WebSite\",\"@id\":\"https:\\\/\\\/cavesecrete.de\\\/fr\\\/#website\",\"url\":\"https:\\\/\\\/cavesecrete.de\\\/fr\\\/\",\"name\":\"Cave Secr\u00e8te - Erlesene Weine & Champagner\",\"description\":\"Weine, Champagner &amp; Tee\",\"publisher\":{\"@id\":\"https:\\\/\\\/cavesecrete.de\\\/fr\\\/#organization\"},\"potentialAction\":[{\"@type\":\"SearchAction\",\"target\":{\"@type\":\"EntryPoint\",\"urlTemplate\":\"https:\\\/\\\/cavesecrete.de\\\/fr\\\/?s={search_term_string}\"},\"query-input\":{\"@type\":\"PropertyValueSpecification\",\"valueRequired\":true,\"valueName\":\"search_term_string\"}}],\"inLanguage\":\"fr-FR\"},{\"@type\":[\"Organization\",\"Place\",\"Store\"],\"@id\":\"https:\\\/\\\/cavesecrete.de\\\/fr\\\/#organization\",\"name\":\"Cave Secr\u00e8te - Erlesene Weine & Champagner\",\"alternateName\":\"Cave Secr\u00e8te\",\"url\":\"https:\\\/\\\/cavesecrete.de\\\/fr\\\/\",\"logo\":{\"@id\":\"https:\\\/\\\/cavesecrete.de\\\/fr\\\/notice-legale\\\/#local-main-organization-logo\"},\"image\":{\"@id\":\"https:\\\/\\\/cavesecrete.de\\\/fr\\\/notice-legale\\\/#local-main-organization-logo\"},\"sameAs\":[\"https:\\\/\\\/www.facebook.com\\\/cavesecrete\\\/\",\"https:\\\/\\\/www.instagram.com\\\/cavesecrete\\\/\"],\"foundingDate\":\"2016-12-16\",\"numberOfEmployees\":{\"@type\":\"QuantitativeValue\",\"minValue\":\"1\",\"maxValue\":\"10\"},\"address\":{\"@id\":\"https:\\\/\\\/cavesecrete.de\\\/fr\\\/notice-legale\\\/#local-main-place-address\"},\"geo\":{\"@type\":\"GeoCoordinates\",\"latitude\":\"49.46070847487664\",\"longitude\":\"11.072301820447747\"},\"telephone\":[\"\u202d+49 911 3944 0780\u202c\"],\"openingHoursSpecification\":[{\"@type\":\"OpeningHoursSpecification\",\"dayOfWeek\":[\"Monday\",\"Sunday\"],\"opens\":\"00:00\",\"closes\":\"00:00\"},{\"@type\":\"OpeningHoursSpecification\",\"dayOfWeek\":[\"Tuesday\",\"Wednesday\",\"Thursday\",\"Friday\"],\"opens\":\"14:30\",\"closes\":\"19:00\"},{\"@type\":\"OpeningHoursSpecification\",\"dayOfWeek\":[\"Saturday\"],\"opens\":\"09:30\",\"closes\":\"17:00\"}],\"email\":\"info@cavesecrete.de\",\"currenciesAccepted\":\"EUR\",\"paymentAccepted\":\"CASH, EC, VISA, MASTERCARD, AMEX\"},{\"@type\":\"PostalAddress\",\"@id\":\"https:\\\/\\\/cavesecrete.de\\\/fr\\\/notice-legale\\\/#local-main-place-address\",\"streetAddress\":\"Bucher Str. 33\",\"addressLocality\":\"N\u00fcrnberg\",\"postalCode\":\"90419\",\"addressCountry\":\"DE\"},{\"@type\":\"ImageObject\",\"inLanguage\":\"fr-FR\",\"@id\":\"https:\\\/\\\/cavesecrete.de\\\/fr\\\/notice-legale\\\/#local-main-organization-logo\",\"url\":\"https:\\\/\\\/cavesecrete.de\\\/wp-content\\\/uploads\\\/2021\\\/04\\\/CS-logo-3a-512.png\",\"contentUrl\":\"https:\\\/\\\/cavesecrete.de\\\/wp-content\\\/uploads\\\/2021\\\/04\\\/CS-logo-3a-512.png\",\"width\":512,\"height\":512,\"caption\":\"Cave Secr\u00e8te - Erlesene Weine & Champagner\"}]}<\/script>\n<meta name=\"geo.placename\" content=\"N\u00fcrnberg\" \/>\n<meta name=\"geo.position\" content=\"49.46070847487664;11.072301820447747\" \/>\n<meta name=\"geo.region\" content=\"Allemagne\" \/>\n<!-- \/ Yoast SEO Premium plugin. -->","yoast_head_json":{"title":"Notice l\u00e9gale | Cave Secr\u00e8te - Erlesene Weine &amp; Champagner","robots":{"index":"index","follow":"follow","max-snippet":"max-snippet:-1","max-image-preview":"max-image-preview:large","max-video-preview":"max-video-preview:-1"},"canonical":"https:\/\/cavesecrete.de\/fr\/notice-legale\/","og_locale":"fr_FR","og_type":"article","og_title":"Notice l\u00e9gale","og_description":"Notice l\u00e9galecavesecrete.dePubli\u00e9 par : Pisati Weinhandel, Jagdstra\u00dfe 1, 90419 Nuremberg Titulaire : Luca Pisati Adresse: Jagdstr. 190419 NurembergAllemagne T\u00e9l\u00e9phone : +49 (151) 6994 7176 E-Mail : info (at) cavesecrete.de N\u00b0 de TVA : DE 308 894 896","og_url":"https:\/\/cavesecrete.de\/fr\/notice-legale\/","og_site_name":"Cave Secr\u00e8te - Erlesene Weine &amp; Champagner","article_publisher":"https:\/\/www.facebook.com\/cavesecrete\/","article_modified_time":"2021-04-26T19:37:33+00:00","og_image":[{"width":512,"height":512,"url":"https:\/\/cavesecrete.de\/wp-content\/uploads\/2021\/04\/CS-logo-3a-512.png","type":"image\/png"}],"twitter_card":"summary_large_image","twitter_misc":{"Dur\u00e9e de lecture estim\u00e9e":"1 minute"},"schema":{"@context":"https:\/\/schema.org","@graph":[{"@type":"WebPage","@id":"https:\/\/cavesecrete.de\/fr\/notice-legale\/","url":"https:\/\/cavesecrete.de\/fr\/notice-legale\/","name":"Notice l\u00e9gale | Cave Secr\u00e8te - Erlesene Weine &amp; Champagner","isPartOf":{"@id":"https:\/\/cavesecrete.de\/fr\/#website"},"datePublished":"2021-04-26T19:37:29+00:00","dateModified":"2021-04-26T19:37:33+00:00","breadcrumb":{"@id":"https:\/\/cavesecrete.de\/fr\/notice-legale\/#breadcrumb"},"inLanguage":"fr-FR","potentialAction":[{"@type":"ReadAction","target":["https:\/\/cavesecrete.de\/fr\/notice-legale\/"]}]},{"@type":"BreadcrumbList","@id":"https:\/\/cavesecrete.de\/fr\/notice-legale\/#breadcrumb","itemListElement":[{"@type":"ListItem","position":1,"name":"Home","item":"https:\/\/cavesecrete.de\/fr\/accueil\/"},{"@type":"ListItem","position":2,"name":"Notice l\u00e9gale"}]},{"@type":"WebSite","@id":"https:\/\/cavesecrete.de\/fr\/#website","url":"https:\/\/cavesecrete.de\/fr\/","name":"Cave Secr\u00e8te - Erlesene Weine & Champagner","description":"Weine, Champagner &amp; Tee","publisher":{"@id":"https:\/\/cavesecrete.de\/fr\/#organization"},"potentialAction":[{"@type":"SearchAction","target":{"@type":"EntryPoint","urlTemplate":"https:\/\/cavesecrete.de\/fr\/?s={search_term_string}"},"query-input":{"@type":"PropertyValueSpecification","valueRequired":true,"valueName":"search_term_string"}}],"inLanguage":"fr-FR"},{"@type":["Organization","Place","Store"],"@id":"https:\/\/cavesecrete.de\/fr\/#organization","name":"Cave Secr\u00e8te - Erlesene Weine & Champagner","alternateName":"Cave Secr\u00e8te","url":"https:\/\/cavesecrete.de\/fr\/","logo":{"@id":"https:\/\/cavesecrete.de\/fr\/notice-legale\/#local-main-organization-logo"},"image":{"@id":"https:\/\/cavesecrete.de\/fr\/notice-legale\/#local-main-organization-logo"},"sameAs":["https:\/\/www.facebook.com\/cavesecrete\/","https:\/\/www.instagram.com\/cavesecrete\/"],"foundingDate":"2016-12-16","numberOfEmployees":{"@type":"QuantitativeValue","minValue":"1","maxValue":"10"},"address":{"@id":"https:\/\/cavesecrete.de\/fr\/notice-legale\/#local-main-place-address"},"geo":{"@type":"GeoCoordinates","latitude":"49.46070847487664","longitude":"11.072301820447747"},"telephone":["\u202d+49 911 3944 0780\u202c"],"openingHoursSpecification":[{"@type":"OpeningHoursSpecification","dayOfWeek":["Monday","Sunday"],"opens":"00:00","closes":"00:00"},{"@type":"OpeningHoursSpecification","dayOfWeek":["Tuesday","Wednesday","Thursday","Friday"],"opens":"14:30","closes":"19:00"},{"@type":"OpeningHoursSpecification","dayOfWeek":["Saturday"],"opens":"09:30","closes":"17:00"}],"email":"info@cavesecrete.de","currenciesAccepted":"EUR","paymentAccepted":"CASH, EC, VISA, MASTERCARD, AMEX"},{"@type":"PostalAddress","@id":"https:\/\/cavesecrete.de\/fr\/notice-legale\/#local-main-place-address","streetAddress":"Bucher Str. 33","addressLocality":"N\u00fcrnberg","postalCode":"90419","addressCountry":"DE"},{"@type":"ImageObject","inLanguage":"fr-FR","@id":"https:\/\/cavesecrete.de\/fr\/notice-legale\/#local-main-organization-logo","url":"https:\/\/cavesecrete.de\/wp-content\/uploads\/2021\/04\/CS-logo-3a-512.png","contentUrl":"https:\/\/cavesecrete.de\/wp-content\/uploads\/2021\/04\/CS-logo-3a-512.png","width":512,"height":512,"caption":"Cave Secr\u00e8te - Erlesene Weine & Champagner"}]},"geo.placename":"N\u00fcrnberg","geo.position":{"lat":"49.46070847487664","long":"11.072301820447747"},"geo.region":"Allemagne"},"jetpack_sharing_enabled":true,"_links":{"self":[{"href":"https:\/\/cavesecrete.de\/fr\/wp-json\/wp\/v2\/pages\/671","targetHints":{"allow":["GET"]}}],"collection":[{"href":"https:\/\/cavesecrete.de\/fr\/wp-json\/wp\/v2\/pages"}],"about":[{"href":"https:\/\/cavesecrete.de\/fr\/wp-json\/wp\/v2\/types\/page"}],"author":[{"embeddable":true,"href":"https:\/\/cavesecrete.de\/fr\/wp-json\/wp\/v2\/users\/1"}],"replies":[{"embeddable":true,"href":"https:\/\/cavesecrete.de\/fr\/wp-json\/wp\/v2\/comments?post=671"}],"version-history":[{"count":8,"href":"https:\/\/cavesecrete.de\/fr\/wp-json\/wp\/v2\/pages\/671\/revisions"}],"predecessor-version":[{"id":679,"href":"https:\/\/cavesecrete.de\/fr\/wp-json\/wp\/v2\/pages\/671\/revisions\/679"}],"wp:attachment":[{"href":"https:\/\/cavesecrete.de\/fr\/wp-json\/wp\/v2\/media?parent=671"}],"curies":[{"name":"wp","href":"https:\/\/api.w.org\/{rel}","templated":true}]}}